{"id":29,"date":"2026-01-08T22:25:56","date_gmt":"2026-01-08T21:25:56","guid":{"rendered":"https:\/\/agil.qc.ca\/?page_id=29"},"modified":"2026-01-08T22:25:56","modified_gmt":"2026-01-08T21:25:56","slug":"telechargements","status":"publish","type":"page","link":"https:\/\/agil.qc.ca\/?page_id=29","title":{"rendered":"T\u00e9l\u00e9chargements"},"content":{"rendered":"\n<h2 class=\"wp-block-heading\">Mise \u00e0 jour 2026.0<\/h2>\n\n\n\n<p>Vous devez avoir install\u00e9 <strong>et ex\u00e9cut\u00e9<\/strong> la version 2025.0 (ou plus r\u00e9cente) <strong>avant <\/strong>d&rsquo;installer la version 2026.0<\/p>\n\n\n\n<div class=\"wp-block-file\"><a id=\"wp-block-file--media-8e9b8a5e-d6d6-4ba2-be66-1b7425e7b911\" href=\"https:\/\/agil.qc.ca\/wp-content\/uploads\/2026\/01\/maj20260.zip\">maj20260<\/a><a href=\"https:\/\/agil.qc.ca\/wp-content\/uploads\/2026\/01\/maj20260.zip\" class=\"wp-block-file__button wp-element-button\" download aria-describedby=\"wp-block-file--media-8e9b8a5e-d6d6-4ba2-be66-1b7425e7b911\">T\u00e9l\u00e9charger<\/a><\/div>\n\n\n\n<h2 class=\"wp-block-heading\">Mise \u00e0 jour 2025.0<\/h2>\n\n\n\n<div class=\"wp-block-file\"><a id=\"wp-block-file--media-e4b3deed-e59b-48cc-9621-6a9c5cfbda99\" href=\"https:\/\/agil.qc.ca\/wp-content\/uploads\/2025\/01\/maj20250.zip\">maj20250<\/a><a href=\"https:\/\/agil.qc.ca\/wp-content\/uploads\/2025\/01\/maj20250.zip\" class=\"wp-block-file__button wp-element-button\" download aria-describedby=\"wp-block-file--media-e4b3deed-e59b-48cc-9621-6a9c5cfbda99\">T\u00e9l\u00e9charger<\/a><\/div>\n\n\n\n<p><\/p>\n","protected":false},"excerpt":{"rendered":"<p>Mise \u00e0 jour 2026.0 Vous devez avoir install\u00e9 et ex\u00e9cut\u00e9 la version 2025.0 (ou plus r\u00e9cente) avant d&rsquo;installer la version 2026.0 Mise \u00e0 jour 2025.0<\/p>\n","protected":false},"author":1,"featured_media":30,"parent":0,"menu_order":0,"comment_status":"closed","ping_status":"closed","template":"","meta":{"footnotes":""},"class_list":["post-29","page","type-page","status-publish","has-post-thumbnail","hentry"],"_links":{"self":[{"href":"https:\/\/agil.qc.ca\/index.php?rest_route=\/wp\/v2\/pages\/29","targetHints":{"allow":["GET"]}}],"collection":[{"href":"https:\/\/agil.qc.ca\/index.php?rest_route=\/wp\/v2\/pages"}],"about":[{"href":"https:\/\/agil.qc.ca\/index.php?rest_route=\/wp\/v2\/types\/page"}],"author":[{"embeddable":true,"href":"https:\/\/agil.qc.ca\/index.php?rest_route=\/wp\/v2\/users\/1"}],"replies":[{"embeddable":true,"href":"https:\/\/agil.qc.ca\/index.php?rest_route=%2Fwp%2Fv2%2Fcomments&post=29"}],"version-history":[{"count":12,"href":"https:\/\/agil.qc.ca\/index.php?rest_route=\/wp\/v2\/pages\/29\/revisions"}],"predecessor-version":[{"id":66,"href":"https:\/\/agil.qc.ca\/index.php?rest_route=\/wp\/v2\/pages\/29\/revisions\/66"}],"wp:featuredmedia":[{"embeddable":true,"href":"https:\/\/agil.qc.ca\/index.php?rest_route=\/wp\/v2\/media\/30"}],"wp:attachment":[{"href":"https:\/\/agil.qc.ca\/index.php?rest_route=%2Fwp%2Fv2%2Fmedia&parent=29"}],"curies":[{"name":"wp","href":"https:\/\/api.w.org\/{rel}","templated":true}]}}